{"id":2747,"date":"2019-03-30T09:11:17","date_gmt":"2019-03-30T09:11:17","guid":{"rendered":"http:\/\/braagas.cz\/?page_id=2747"},"modified":"2025-10-27T23:07:51","modified_gmt":"2025-10-27T23:07:51","slug":"pro-poradatele-a-tisk","status":"publish","type":"page","link":"https:\/\/braagas.com\/en\/pro-poradatele-a-tisk\/","title":{"rendered":"Download"},"content":{"rendered":"<div class=\"wpb-content-wrapper\"><p>[vc_row][vc_column width=&#8221;1\/3&#8243;][vc_icon type=&#8221;entypo&#8221; icon_entypo=&#8221;entypo-icon entypo-icon-download&#8221; color=&#8221;custom&#8221; align=&#8221;right&#8221; css_animation=&#8221;zoomIn&#8221; css=&#8221;&#8221; custom_color=&#8221;#be2429&#8243; link=&#8221;url:https%3A%2F%2Fwww.dropbox.com%2Fscl%2Ffi%2Fdqx93a1n6e3gwbam1kioy%2FSTAGE5.pdf%3Frlkey%3Do84tb1iikbikbbocrm0hg63op%26dl%3D0|target:_blank&#8221;][\/vc_column][vc_column width=&#8221;2\/3&#8243;][vc_column_text css=&#8221;&#8221;]<strong>Stage plan\/ rider<\/strong>[\/vc_column_text][\/vc_column][\/vc_row][vc_row][vc_column][vc_row_inner][vc_column_inner width=&#8221;1\/3&#8243;][vc_icon type=&#8221;entypo&#8221; icon_entypo=&#8221;entypo-icon entypo-icon-download&#8221; color=&#8221;custom&#8221; align=&#8221;right&#8221; css_animation=&#8221;zoomIn&#8221; css=&#8221;&#8221; custom_color=&#8221;#be2429&#8243; link=&#8221;url:https%3A%2F%2Fwww.dropbox.com%2Fscl%2Ffo%2Ffjl85k92tmg85uuvsavgq%2FAPrU-89HicIn0NcJQyNnxhE%3Frlkey%3Dvroo8ll98foqa6zdl9ompltle%26dl%3D0|target:_blank&#8221;][\/vc_column_inner][vc_column_inner width=&#8221;2\/3&#8243;][vc_column_text]<strong>300 dpi photos<\/strong>[\/vc_column_text][\/vc_column_inner][\/vc_row_inner][vc_row_inner][vc_column_inner width=&#8221;1\/3&#8243;][vc_icon type=&#8221;entypo&#8221; icon_entypo=&#8221;entypo-icon entypo-icon-download&#8221; color=&#8221;custom&#8221; align=&#8221;right&#8221; css_animation=&#8221;zoomIn&#8221; custom_color=&#8221;#be2429&#8243; link=&#8221;url:https%3A%2F%2Fwww.dropbox.com%2Fs%2Fmzw2ypd92irhsjw%2FBraAgasBio_en.docx%3Fdl%3D0||target:%20_blank|&#8221;][\/vc_column_inner][vc_column_inner width=&#8221;2\/3&#8243;][vc_column_text]<strong>BraAgas bio<\/strong>[\/vc_column_text][\/vc_column_inner][\/vc_row_inner][vc_row_inner][vc_column_inner width=&#8221;1\/3&#8243;][vc_icon type=&#8221;entypo&#8221; icon_entypo=&#8221;entypo-icon entypo-icon-download&#8221; color=&#8221;custom&#8221; align=&#8221;right&#8221; css_animation=&#8221;zoomIn&#8221; custom_color=&#8221;#be2429&#8243; link=&#8221;url:https%3A%2F%2Fwww.dropbox.com%2Fs%2Fo72cbvz7otyjk4u%2FBraAgas%2520%25E2%2580%2593%2520playlistEN.pdf%3Fdl%3D0||target:%20_blank|&#8221;][\/vc_column_inner][vc_column_inner width=&#8221;2\/3&#8243;][vc_column_text]<strong>BraAgas Repertoire Sheet (for GEMA, BMI, ASCAP etc&#8230;)<\/strong>[\/vc_column_text][\/vc_column_inner][\/vc_row_inner][vc_row_inner][vc_column_inner width=&#8221;1\/6&#8243;][\/vc_column_inner][vc_column_inner width=&#8221;2\/3&#8243;][vc_column_text]<\/p>\n<h4 style=\"text-align: left;\"><span style=\"color: #be2429;\"><strong>Press reviews:<\/strong><\/span><\/h4>\n<p>[\/vc_column_text][\/vc_column_inner][vc_column_inner width=&#8221;1\/6&#8243;][\/vc_column_inner][\/vc_row_inner][vc_row_inner][vc_column_inner width=&#8221;1\/6&#8243;][\/vc_column_inner][vc_column_inner width=&#8221;2\/3&#8243;][vc_column_text][\/vc_column_text][vc_column_text css=&#8221;&#8221;]<\/p>\n<ul>\n<li><a href=\"https:\/\/www.indies.eu\/download-media\/1176\/braagas-2018-songlines-review.jpg\" rel=\"noopener noreferrer\">Simon Broughton &#8211; Songlines (EN)<\/a><\/li>\n<li><a href=\"https:\/\/worldlisteningpost.com\/2019\/02\/12\/braagas-o-ptacich-a-rybach\/\">World Listening Post (EN)<\/a><\/li>\n<li><a href=\"http:\/\/www.fullmoonzine.cz\/clanky\/slet-carodejnic-pradlen-a-slepic-varttina\" target=\"_blank\" rel=\"noopener noreferrer\">Fullmoonzine (CZ)<\/a><\/li>\n<li><a href=\"https:\/\/www.indies.eu\/recenze\/2205\/k-albu\/4036\/\" target=\"_blank\" rel=\"noopener noreferrer\">Musicframes.nl (EN)<\/a><\/li>\n<li><a href=\"https:\/\/www.novinky.cz\/kultura\/438977-recenze-podle-varttina-by-byl-sever-zhavy.html\" target=\"_blank\" rel=\"noopener noreferrer\">Novinky.cz (CZ)<\/a><\/li>\n<li><a href=\"https:\/\/www.indies.eu\/recenze\/2187\/k-albu\/4036\/\" target=\"_blank\" rel=\"noopener noreferrer\">Lira (SWE)<\/a><\/li>\n<li><a href=\"https:\/\/www.indies.eu\/recenze\/2172\/k-albu\/4036\/\" target=\"_blank\" rel=\"noopener noreferrer\">Jan Willem Broek (NL)<\/a><\/li>\n<li><a href=\"https:\/\/www.indies.eu\/recenze\/2189\/k-albu\/4036\/\" target=\"_blank\" rel=\"noopener noreferrer\">Tom\u00e1\u0161 S. Pol\u00edvka &#8211; UNI (CZ)<\/a><\/li>\n<li><a href=\"https:\/\/www.indies.eu\/recenze\/2188\/k-albu\/4036\/\" target=\"_blank\" rel=\"noopener noreferrer\">Pavel V\u00ed\u0161ek &#8211; Rock &amp; All (CZ)<\/a><\/li>\n<li><a href=\"https:\/\/www.indies.eu\/recenze\/2181\/k-albu\/4036\/\" target=\"_blank\" rel=\"noopener noreferrer\">Karel Sou\u010dek &#8211; hudebniknihovna.cz (CZ)<\/a><\/li>\n<li><a href=\"https:\/\/www.indies.eu\/recenze\/1714\/k-albu\/2059\/\" target=\"_blank\" rel=\"noopener noreferrer\">Anton\u00edn Koc\u00e1bek &#8211; T\u00fdden.cz (CZ)<\/a><\/li>\n<li><a href=\"https:\/\/www.indies.eu\/recenze\/1707\/k-albu\/2059\/\" target=\"_blank\" rel=\"noopener noreferrer\">Kultura21 (CZ)<\/a><\/li>\n<li><a href=\"https:\/\/www.indies.eu\/recenze\/1385\/k-albu\/1120\/\" target=\"_blank\" rel=\"noopener noreferrer\">Honza Pr\u016f\u0161a &#8211; musicserver.cz (CZ)<\/a><\/li>\n<li><a href=\"https:\/\/kultura21.cz\/hudba\/27825\" target=\"_blank\" rel=\"noopener\">Kultura 21 \u2013 Do\u017e\u00ednky 2025 (CZ)<\/a><\/li>\n<li><a href=\"https:\/\/www.hudebniknihovna.cz\/na-dozinkach-pokracuje-cesta-braagas-za-moravskym-a-ceskym-folklorem.html\" target=\"_blank\" rel=\"noopener\">Hudebn\u00ed knihovna \u2013 Do\u017e\u00ednky 2025 (CZ)<\/a><\/li>\n<li><a href=\"https:\/\/www.fullmoonzine.cz\/braagas-16-1-2025-klubovna-praha\" target=\"_blank\" rel=\"noopener\">FMZine \u2013 Do\u017e\u00ednky release 2025 (Photo review Barka Fabi\u00e1nov\u00e1)<\/a><\/li>\n<\/ul>\n<p>[\/vc_column_text][\/vc_column_inner][vc_column_inner width=&#8221;1\/6&#8243;][\/vc_column_inner][\/vc_row_inner][\/vc_column][\/vc_row]<\/p>\n<\/div>","protected":false},"excerpt":{"rendered":"<p>[vc_row][vc_column width=&#8221;1\/3&#8243;][vc_icon type=&#8221;entypo&#8221; icon_entypo=&#8221;entypo-icon entypo-icon-download&#8221; color=&#8221;custom&#8221; align=&#8221;right&#8221; css_animation=&#8221;zoomIn&#8221; css=&#8221;&#8221; custom_color=&#8221;#be2429&#8243; link=&#8221;url:https%3A%2F%2Fwww.dropbox.com%2Fscl%2Ffi%2Fdqx93a1n6e3gwbam1kioy%2FSTAGE5.pdf%3Frlkey%3Do84tb1iikbikbbocrm0hg63op%26dl%3D0|target:_blank&#8221;][\/vc_column][vc_column width=&#8221;2\/3&#8243;][vc_column_text css=&#8221;&#8221;]Stage plan\/ rider[\/vc_column_text][\/vc_column][\/vc_row][vc_row][vc_column][vc_row_inner][vc_column_inner width=&#8221;1\/3&#8243;][vc_icon type=&#8221;entypo&#8221; icon_entypo=&#8221;entypo-icon entypo-icon-download&#8221; color=&#8221;custom&#8221; align=&#8221;right&#8221; css_animation=&#8221;zoomIn&#8221; css=&#8221;&#8221; custom_color=&#8221;#be2429&#8243; link=&#8221;url:https%3A%2F%2Fwww.dropbox.com%2Fscl%2Ffo%2Ffjl85k92tmg85uuvsavgq%2FAPrU-89HicIn0NcJQyNnxhE%3Frlkey%3Dvroo8ll98foqa6zdl9ompltle%26dl%3D0|target:_blank&#8221;][\/vc_column_inner][vc_column_inner width=&#8221;2\/3&#8243;][vc_column_text]300 dpi photos[\/vc_column_text][\/vc_column_inner][\/vc_row_inner][vc_row_inner][vc_column_inner width=&#8221;1\/3&#8243;][vc_icon type=&#8221;entypo&#8221; icon_entypo=&#8221;entypo-icon entypo-icon-download&#8221; color=&#8221;custom&#8221; align=&#8221;right&#8221; css_animation=&#8221;zoomIn&#8221; custom_color=&#8221;#be2429&#8243; link=&#8221;url:https%3A%2F%2Fwww.dropbox.com%2Fs%2Fmzw2ypd92irhsjw%2FBraAgasBio_en.docx%3Fdl%3D0||target:%20_blank|&#8221;][\/vc_column_inner][vc_column_inner width=&#8221;2\/3&#8243;][vc_column_text]BraAgas bio[\/vc_column_text][\/vc_column_inner][\/vc_row_inner][vc_row_inner][vc_column_inner width=&#8221;1\/3&#8243;][vc_icon&#8230;<\/p>\n","protected":false},"author":1,"featured_media":0,"parent":0,"menu_order":0,"comment_status":"closed","ping_status":"closed","template":"","meta":{"footnotes":""},"_links":{"self":[{"href":"https:\/\/braagas.com\/en\/wp-json\/wp\/v2\/pages\/2747"}],"collection":[{"href":"https:\/\/braagas.com\/en\/wp-json\/wp\/v2\/pages"}],"about":[{"href":"https:\/\/braagas.com\/en\/wp-json\/wp\/v2\/types\/page"}],"author":[{"embeddable":true,"href":"https:\/\/braagas.com\/en\/wp-json\/wp\/v2\/users\/1"}],"replies":[{"embeddable":true,"href":"https:\/\/braagas.com\/en\/wp-json\/wp\/v2\/comments?post=2747"}],"version-history":[{"count":72,"href":"https:\/\/braagas.com\/en\/wp-json\/wp\/v2\/pages\/2747\/revisions"}],"predecessor-version":[{"id":3601,"href":"https:\/\/braagas.com\/en\/wp-json\/wp\/v2\/pages\/2747\/revisions\/3601"}],"wp:attachment":[{"href":"https:\/\/braagas.com\/en\/wp-json\/wp\/v2\/media?parent=2747"}],"curies":[{"name":"wp","href":"https:\/\/api.w.org\/{rel}","templated":true}]}}