{"id":2692,"date":"2019-03-28T13:21:36","date_gmt":"2019-03-28T13:21:36","guid":{"rendered":"http:\/\/braagas.cz\/?page_id=2692"},"modified":"2019-08-27T12:24:51","modified_gmt":"2019-08-27T12:24:51","slug":"kontakt","status":"publish","type":"page","link":"https:\/\/braagas.com\/en\/kontakt\/","title":{"rendered":"Contact"},"content":{"rendered":"<div class=\"wpb-content-wrapper\"><p>[vc_row][vc_column][vc_column_text]<span style=\"color: #be2429;\"><strong>Kate\u0159ina G\u00f6ttlichov\u00e1<\/strong><\/span> (medieval and private events)<br \/>\ninfo [@] braagas.com<\/p>\n<p>+420 603 429 336<\/p>\n<hr \/>\n<p><span style=\"color: #be2429;\"><strong>Indies Production<\/strong> <\/span>(concerts and festivals)<br \/>\nHana Podhorsk\u00e1<br \/>\nproduction [@] indies.eu<\/p>\n<p>+420 732 344 247[\/vc_column_text][\/vc_column][\/vc_row][vc_row][vc_column] <div class=\"social_profiles_vc_elt text_center\"> \t\t<div class=\"lc_social_profile\">\r\n\t\t\t<a href=\"http:\/\/facebook.com\/braagas\" target=\"_blank\">\r\n\t\t\t\t<i class=\"fab fa-facebook\"><\/i>\r\n\t\t\t<\/a>\r\n\t\t<\/div>\r\n\t\t\t\t<div class=\"lc_social_profile\">\r\n\t\t\t<a href=\"https:\/\/www.instagram.com\/braagas\/\" target=\"_blank\">\r\n\t\t\t\t<i class=\"fab fa-instagram\"><\/i>\r\n\t\t\t<\/a>\r\n\t\t<\/div>\r\n\t\t\t\t<div class=\"lc_social_profile\">\r\n\t\t\t<a href=\"http:\/\/youtube.com\/braagas\" target=\"_blank\">\r\n\t\t\t\t<i class=\"fab fa-youtube\"><\/i>\r\n\t\t\t<\/a>\r\n\t\t<\/div>\r\n\t\t\t\t<div class=\"lc_social_profile\">\r\n\t\t\t<a href=\"https:\/\/open.spotify.com\/artist\/7ERM3UBcOUtKmNO2ZQyJdC?si=_n4xll7oSSqH8Q5SoLg1Ng\" target=\"_blank\">\r\n\t\t\t\t<i class=\"fab fa-spotify\"><\/i>\r\n\t\t\t<\/a>\r\n\t\t<\/div>\r\n\t\t <\/div> [\/vc_column][\/vc_row]<\/p>\n<\/div>","protected":false},"excerpt":{"rendered":"<p>[vc_row][vc_column][vc_column_text]Kate\u0159ina G\u00f6ttlichov\u00e1 (medieval and private events) info [@] braagas.com +420 603 429 336 Indies Production (concerts and festivals) Hana Podhorsk\u00e1 production [@] indies.eu +420 732 344 247[\/vc_column_text][\/vc_column][\/vc_row][vc_row][vc_column][\/vc_column][\/vc_row]<\/p>\n","protected":false},"author":1,"featured_media":0,"parent":0,"menu_order":0,"comment_status":"closed","ping_status":"closed","template":"","meta":{"footnotes":""},"_links":{"self":[{"href":"https:\/\/braagas.com\/en\/wp-json\/wp\/v2\/pages\/2692"}],"collection":[{"href":"https:\/\/braagas.com\/en\/wp-json\/wp\/v2\/pages"}],"about":[{"href":"https:\/\/braagas.com\/en\/wp-json\/wp\/v2\/types\/page"}],"author":[{"embeddable":true,"href":"https:\/\/braagas.com\/en\/wp-json\/wp\/v2\/users\/1"}],"replies":[{"embeddable":true,"href":"https:\/\/braagas.com\/en\/wp-json\/wp\/v2\/comments?post=2692"}],"version-history":[{"count":19,"href":"https:\/\/braagas.com\/en\/wp-json\/wp\/v2\/pages\/2692\/revisions"}],"predecessor-version":[{"id":3110,"href":"https:\/\/braagas.com\/en\/wp-json\/wp\/v2\/pages\/2692\/revisions\/3110"}],"wp:attachment":[{"href":"https:\/\/braagas.com\/en\/wp-json\/wp\/v2\/media?parent=2692"}],"curies":[{"name":"wp","href":"https:\/\/api.w.org\/{rel}","templated":true}]}}