{"id":1999,"date":"2016-11-15T14:52:33","date_gmt":"2016-11-15T14:52:33","guid":{"rendered":"http:\/\/smartwpress.com\/lucille2\/?page_id=1999"},"modified":"2026-01-29T08:26:51","modified_gmt":"2026-01-29T08:26:51","slug":"main-page","status":"publish","type":"page","link":"https:\/\/braagas.com\/en\/","title":{"rendered":"Home"},"content":{"rendered":"<div class=\"wpb-content-wrapper\"><p>[vc_row][vc_column]\n\t\t\t<!-- START classicMenuDemoSlider REVOLUTION SLIDER 6.7.4 --><p class=\"rs-p-wp-fix\"><\/p>\n\t\t\t<rs-module-wrap id=\"rev_slider_1_2_wrapper\" data-source=\"gallery\" style=\"visibility:hidden;background:transparent;padding:0;margin:0px auto;margin-top:0;margin-bottom:0;\">\n\t\t\t\t<rs-module id=\"rev_slider_1_2\" style=\"\" data-version=\"6.7.4\">\n\t\t\t\t\t<rs-slides style=\"overflow: hidden; position: absolute;\">\n\t\t\t\t\t\t<rs-slide style=\"position: absolute;\" data-key=\"rs-15\" data-title=\"Slide\" data-in=\"o:0;\" data-out=\"a:false;\">\n\t\t\t\t\t\t\t<img decoding=\"async\" src=\"\/\/braagas.com\/wp-content\/plugins\/revslider\/sr6\/assets\/assets\/dummy.png\" alt=\"Slide\" title=\"Ulianka &#8211; live in Budapest ritmo\" class=\"rev-slidebg tp-rs-img rs-lazyload\" data-lazyload=\"\/\/braagas.com\/wp-content\/plugins\/revslider\/sr6\/assets\/assets\/transparent.png\" data-no-retina>\n<!--\n\t\t\t\t\t\t\t--><rs-layer\n\t\t\t\t\t\t\t\tid=\"slider-1-slide-15-layer-2\" \n\t\t\t\t\t\t\t\tdata-type=\"image\"\n\t\t\t\t\t\t\t\tdata-rsp_ch=\"on\"\n\t\t\t\t\t\t\t\tdata-xy=\"xo:-158px,-130px,-98px,-60px;yo:-92px,-75px,-56px,-34px;\"\n\t\t\t\t\t\t\t\tdata-text=\"w:normal;s:20,16,12,7;l:0,20,15,9;\"\n\t\t\t\t\t\t\t\tdata-dim=\"w:1536px,1268px,963px,594px;h:1024px,845px,642px,396px;\"\n\t\t\t\t\t\t\t\tdata-frame_999=\"o:0;st:w;\"\n\t\t\t\t\t\t\t\tstyle=\"z-index:5;\"\n\t\t\t\t\t\t\t><img decoding=\"async\" src=\"\/\/braagas.com\/wp-content\/plugins\/revslider\/sr6\/assets\/assets\/dummy.png\" alt=\"\" class=\"tp-rs-img rs-lazyload\" width=\"1536\" height=\"1024\" data-lazyload=\"\/\/braagas.com\/wp-content\/uploads\/2019\/03\/2_bw_fun-1536x1024.jpg\" data-no-retina> \n\t\t\t\t\t\t\t<\/rs-layer><!--\n-->\t\t\t\t\t<\/rs-slide>\n\t\t\t\t\t\t<rs-slide style=\"position: absolute;\" data-key=\"rs-17\" data-title=\"Slide\" data-in=\"o:0;\" data-out=\"a:false;\">\n\t\t\t\t\t\t\t<img decoding=\"async\" src=\"\/\/braagas.com\/wp-content\/plugins\/revslider\/sr6\/assets\/assets\/dummy.png\" alt=\"Slide\" title=\"Ulianka &#8211; live in Budapest ritmo\" class=\"rev-slidebg tp-rs-img rs-lazyload\" data-lazyload=\"\/\/braagas.com\/wp-content\/plugins\/revslider\/sr6\/assets\/assets\/transparent.png\" data-no-retina>\n<!--\n\t\t\t\t\t\t\t--><rs-layer\n\t\t\t\t\t\t\t\tid=\"slider-1-slide-17-layer-0\" \n\t\t\t\t\t\t\t\tdata-type=\"image\"\n\t\t\t\t\t\t\t\tdata-rsp_ch=\"on\"\n\t\t\t\t\t\t\t\tdata-xy=\"xo:-33px,-27px,-20px,-12px;yo:-77px,-63px,-47px,-28px;\"\n\t\t\t\t\t\t\t\tdata-text=\"w:normal;s:20,16,12,7;l:0,20,15,9;\"\n\t\t\t\t\t\t\t\tdata-dim=\"w:1536px,1268px,963px,594px;h:1024px,845px,642px,396px;\"\n\t\t\t\t\t\t\t\tdata-frame_999=\"o:0;st:w;\"\n\t\t\t\t\t\t\t\tstyle=\"z-index:5;\"\n\t\t\t\t\t\t\t><img decoding=\"async\" src=\"\/\/braagas.com\/wp-content\/plugins\/revslider\/sr6\/assets\/assets\/dummy.png\" alt=\"\" class=\"tp-rs-img rs-lazyload\" width=\"1536\" height=\"1024\" data-lazyload=\"\/\/braagas.com\/wp-content\/uploads\/2019\/03\/4_bw_fun-1536x1024.jpg\" data-no-retina> \n\t\t\t\t\t\t\t<\/rs-layer><!--\n-->\t\t\t\t\t<\/rs-slide>\n\t\t\t\t\t\t<rs-slide style=\"position: absolute;\" data-key=\"rs-6\" data-title=\"Slide\" data-anim=\"adpr:false;\">\n\t\t\t\t\t\t\t<img decoding=\"async\" src=\"\/\/braagas.com\/wp-content\/plugins\/revslider\/sr6\/assets\/assets\/dummy.png\" alt=\"\" title=\"Ulianka &#8211; live in Budapest ritmo\" class=\"rev-slidebg tp-rs-img rs-lazyload\" data-lazyload=\"\/\/braagas.com\/wp-content\/uploads\/2019\/03\/promo1.jpg\" data-no-retina>\n<!--\n\t\t\t\t\t\t\t--><rs-layer\n\t\t\t\t\t\t\t\tid=\"slider-1-slide-6-layer-1\" \n\t\t\t\t\t\t\t\tdata-type=\"text\"\n\t\t\t\t\t\t\t\tdata-rsp_ch=\"on\"\n\t\t\t\t\t\t\t\tdata-xy=\"xo:100px;yo:100px;\"\n\t\t\t\t\t\t\t\tdata-text=\"l:22;a:inherit;\"\n\t\t\t\t\t\t\t\tdata-frame_0=\"tp:600;\"\n\t\t\t\t\t\t\t\tdata-frame_1=\"tp:600;st:0;\"\n\t\t\t\t\t\t\t\tdata-frame_999=\"o:0;tp:600;st:w;sR:8700;\"\n\t\t\t\t\t\t\t\tstyle=\"z-index:5;font-family:'Open Sans';\"\n\t\t\t\t\t\t\t> \n\t\t\t\t\t\t\t<\/rs-layer><!--\n-->\t\t\t\t\t<\/rs-slide>\n\t\t\t\t\t\t<rs-slide style=\"position: absolute;\" data-key=\"rs-9\" data-title=\"Slide\" data-anim=\"adpr:false;\">\n\t\t\t\t\t\t\t<img decoding=\"async\" src=\"\/\/braagas.com\/wp-content\/plugins\/revslider\/sr6\/assets\/assets\/dummy.png\" alt=\"\" title=\"Ulianka &#8211; live in Budapest ritmo\" class=\"rev-slidebg tp-rs-img rs-lazyload\" data-lazyload=\"\/\/braagas.com\/wp-content\/uploads\/2019\/03\/promo2.jpg\" data-no-retina>\n<!---->\t\t\t\t\t<\/rs-slide>\n\t\t\t\t\t\t<rs-slide style=\"position: absolute;\" data-key=\"rs-11\" data-title=\"Slide\" data-anim=\"adpr:false;\">\n\t\t\t\t\t\t\t<img decoding=\"async\" src=\"\/\/braagas.com\/wp-content\/plugins\/revslider\/sr6\/assets\/assets\/dummy.png\" alt=\"\" title=\"Ulianka &#8211; live in Budapest ritmo\" class=\"rev-slidebg tp-rs-img rs-lazyload\" data-lazyload=\"\/\/braagas.com\/wp-content\/uploads\/2019\/03\/koncert1.jpg\" data-no-retina>\n<!---->\t\t\t\t\t<\/rs-slide>\n\t\t\t\t\t<\/rs-slides>\n\t\t\t\t<\/rs-module>\n\t\t\t\t<script>\n\t\t\t\t\tsetREVStartSize({c: 'rev_slider_1_2',rl:[1240,1024,778,480],el:[868,768,960,720],gw:[1240,1024,778,480],gh:[868,768,960,720],type:'standard',justify:'',layout:'fullwidth',mh:\"0\"});if (window.RS_MODULES!==undefined && window.RS_MODULES.modules!==undefined && window.RS_MODULES.modules[\"revslider12\"]!==undefined) {window.RS_MODULES.modules[\"revslider12\"].once = false;window.revapi1_2 = undefined;if (window.RS_MODULES.checkMinimal!==undefined) window.RS_MODULES.checkMinimal()}\n\t\t\t\t<\/script>\n\t\t\t<\/rs-module-wrap>\n\t\t\t<!-- END REVOLUTION SLIDER -->\n\t\t<div class=\"lc_swp_boxed\">\r\n\t\t\t\t\t\t<ul class=\"events_list vc_events_element\">\r\n\t\t\t\t\r\n\t\t\t\t\t<li class=\"single_event_list clearfix \" data-terms=\"\">\r\n\t\t\t\t\t\t<a href=\"https:\/\/braagas.com\/en\/js_events\/koncert-v-zidovske-obradni-sini\/\">\r\n\t\t\t\t\t\t\t<div class=\"event_list_entry event_date\">\r\n\t\t\t\t\t\t\t\t04\/06\/2026\t\t\t\t\t\t\t\r\n\t\t\t\t\t\t\t<\/div>\r\n\t\t\t\t\t\t\t\r\n\t\t\t\t\t\t\t<div class=\"event_list_entry event_location\">\r\n\t\t\t\t\t\t\t\tConcert in Jewish ceremonial hall\t\t\t\t\t\t\t<\/div>\r\n\t\t\t\t\t\t\t\r\n\t\t\t\t\t\t\t<div class=\"event_list_entry event_venue\">\r\n\t\t\t\t\t\t\t\tCZ&#032;&#045;&#032;B\u0159eclav\t\t\t\t\t\t\t<\/div>\r\n\t\t\t\t\t\t\t\r\n\t\t\t\t\t\t\t<div class=\"event_list_entry event_buy\">\r\n\t\t\t\t\t\t\t\t\t\t\t\t\t\t\t<\/div>\r\n\t\t\t\t\t\t<\/a>\r\n\t\t\t\t\t<\/li>\r\n\t\t\t\t\r\n\t\t\t\t\t<li class=\"single_event_list clearfix \" data-terms=\"\">\r\n\t\t\t\t\t\t<a href=\"https:\/\/braagas.com\/en\/js_events\/slavnosti-petiliste-ruze-2026\/\">\r\n\t\t\t\t\t\t\t<div class=\"event_list_entry event_date\">\r\n\t\t\t\t\t\t\t\t19\/06\/2026\t\t\t\t\t\t\t\r\n\t\t\t\t\t\t\t<\/div>\r\n\t\t\t\t\t\t\t\r\n\t\t\t\t\t\t\t<div class=\"event_list_entry event_location\">\r\n\t\t\t\t\t\t\t\tFive Petalled Rose fest 2026\t\t\t\t\t\t\t<\/div>\r\n\t\t\t\t\t\t\t\r\n\t\t\t\t\t\t\t<div class=\"event_list_entry event_venue\">\r\n\t\t\t\t\t\t\t\tCZ&#032;&#045;&#032;\u010cesk\u00fd Krumlov\t\t\t\t\t\t\t<\/div>\r\n\t\t\t\t\t\t\t\r\n\t\t\t\t\t\t\t<div class=\"event_list_entry event_buy\">\r\n\t\t\t\t\t\t\t\t<div class=\"lc_js_link\" data-href=\"https:\/\/www.slavnostipetilisteruze.cz\/cz\/slavnosti-petiliste-ruze-cesky-krumlov\/\" data-target=\"_blank\">www<\/div>\t\t\t\t\t\t\t<\/div>\r\n\t\t\t\t\t\t<\/a>\r\n\t\t\t\t\t<\/li>\r\n\t\t\t\t\r\n\t\t\t\t\t<li class=\"single_event_list clearfix \" data-terms=\"\">\r\n\t\t\t\t\t\t<a href=\"https:\/\/braagas.com\/en\/js_events\/kapfenberg-ritterfest\/\">\r\n\t\t\t\t\t\t\t<div class=\"event_list_entry event_date\">\r\n\t\t\t\t\t\t\t\t20\/06\/2026\t\t\t\t\t\t\t\r\n\t\t\t\t\t\t\t<\/div>\r\n\t\t\t\t\t\t\t\r\n\t\t\t\t\t\t\t<div class=\"event_list_entry event_location\">\r\n\t\t\t\t\t\t\t\tKapfenberg Ritterfest\t\t\t\t\t\t\t<\/div>\r\n\t\t\t\t\t\t\t\r\n\t\t\t\t\t\t\t<div class=\"event_list_entry event_venue\">\r\n\t\t\t\t\t\t\t\tAT&#032;&#045;&#032;Burg Oberkapfenberg\t\t\t\t\t\t\t<\/div>\r\n\t\t\t\t\t\t\t\r\n\t\t\t\t\t\t\t<div class=\"event_list_entry event_buy\">\r\n\t\t\t\t\t\t\t\t<div class=\"lc_js_link\" data-href=\"https:\/\/ritterfest.at\" data-target=\"_blank\">www<\/div>\t\t\t\t\t\t\t<\/div>\r\n\t\t\t\t\t\t<\/a>\r\n\t\t\t\t\t<\/li>\r\n\t\t\t\t\r\n\t\t\t\t\t<li class=\"single_event_list clearfix \" data-terms=\"\">\r\n\t\t\t\t\t\t<a href=\"https:\/\/braagas.com\/en\/js_events\/den-lidovych-remesel\/\">\r\n\t\t\t\t\t\t\t<div class=\"event_list_entry event_date\">\r\n\t\t\t\t\t\t\t\t05\/07\/2026\t\t\t\t\t\t\t\r\n\t\t\t\t\t\t\t<\/div>\r\n\t\t\t\t\t\t\t\r\n\t\t\t\t\t\t\t<div class=\"event_list_entry event_location\">\r\n\t\t\t\t\t\t\t\tDay of folk crafts\t\t\t\t\t\t\t<\/div>\r\n\t\t\t\t\t\t\t\r\n\t\t\t\t\t\t\t<div class=\"event_list_entry event_venue\">\r\n\t\t\t\t\t\t\t\tCZ&#032;&#045;&#032;\u017dacl\u00e9\u0159\t\t\t\t\t\t\t<\/div>\r\n\t\t\t\t\t\t\t\r\n\t\t\t\t\t\t\t<div class=\"event_list_entry event_buy\">\r\n\t\t\t\t\t\t\t\t<div class=\"lc_js_link\" data-href=\"https:\/\/www.zacler.cz\/turista\/kazdorocni-akce\/den-lidovych-remesel+a90.htm\" data-target=\"_blank\">www<\/div>\t\t\t\t\t\t\t<\/div>\r\n\t\t\t\t\t\t<\/a>\r\n\t\t\t\t\t<\/li>\r\n\t\t\t\t\r\n\t\t\t\t\t<li class=\"single_event_list clearfix \" data-terms=\"\">\r\n\t\t\t\t\t\t<a href=\"https:\/\/braagas.com\/en\/js_events\/kaltenberger-ritterturnier-9\/\">\r\n\t\t\t\t\t\t\t<div class=\"event_list_entry event_date\">\r\n\t\t\t\t\t\t\t\t24\/07\/2026\t\t\t\t\t\t\t\r\n\t\t\t\t\t\t\t<\/div>\r\n\t\t\t\t\t\t\t\r\n\t\t\t\t\t\t\t<div class=\"event_list_entry event_location\">\r\n\t\t\t\t\t\t\t\tKaltenberger Ritterturnier\t\t\t\t\t\t\t<\/div>\r\n\t\t\t\t\t\t\t\r\n\t\t\t\t\t\t\t<div class=\"event_list_entry event_venue\">\r\n\t\t\t\t\t\t\t\tDE&#032;&#045;&#032;Kaltenberg\t\t\t\t\t\t\t<\/div>\r\n\t\t\t\t\t\t\t\r\n\t\t\t\t\t\t\t<div class=\"event_list_entry event_buy\">\r\n\t\t\t\t\t\t\t\t<div class=\"lc_js_link\" data-href=\"https:\/\/www.ritterturnier.de\/en\/\" data-target=\"_blank\">www<\/div>\t\t\t\t\t\t\t<\/div>\r\n\t\t\t\t\t\t<\/a>\r\n\t\t\t\t\t<\/li>\r\n\t\t\t\t\t\t\t<\/ul>\r\n\t\t\t\r\n\t\t\t\t\t<\/div>\r\n\t\t\t\t<div class=\"lc_content_full lc_basic_content_padding lc_swp_full\">\r\n\t\t\t<div class=\"albums_container clearfix\">\r\n\t\t\t\t\r\n\t\t\t\t\t<div class=\"single_album_item has_right_padding albums_5_on_row\">\r\n\t\t\t\t\t\t<a href=\"https:\/\/braagas.com\/en\/js_albums\/dozinky\/\">\r\n\t\t\t\t\t\t\t<div class=\"album_image_container lc_swp_background_image\" data-bgimage=\"https:\/\/braagas.com\/wp-content\/uploads\/2024\/09\/DOZINKY_ArtWork.jpg\">\r\n\t\t\t\t\t\t\t<\/div>\r\n\t\t\t\t\t\t\t<div class=\"album_overlay transition3\"><\/div>\r\n\t\t\t\t\t\t\t<h3 class=\"album_title album_heading transition4\"> Do\u017e\u00ednky <\/h3>\r\n\t\t\t\t\t\t\t<h3 class=\"album_artist album_heading transition4\"> BraAgas <\/h3>\r\n\t\t\t\t\t\t<\/a>\r\n\t\t\t\t\t<\/div>\r\n\r\n\t\t\t\t\r\n\t\t\t\t\t<div class=\"single_album_item has_right_padding albums_5_on_row\">\r\n\t\t\t\t\t\t<a href=\"https:\/\/braagas.com\/en\/js_albums\/cervena-ruzicko-singl-2024\/\">\r\n\t\t\t\t\t\t\t<div class=\"album_image_container lc_swp_background_image\" data-bgimage=\"https:\/\/braagas.com\/wp-content\/uploads\/2024\/09\/458273504_1040922248035172_5273444733563228099_n-1.jpg\">\r\n\t\t\t\t\t\t\t<\/div>\r\n\t\t\t\t\t\t\t<div class=\"album_overlay transition3\"><\/div>\r\n\t\t\t\t\t\t\t<h3 class=\"album_title album_heading transition4\"> \u010cerven\u00e1 r\u016f\u017ei\u010dko &#8211; single 2024 <\/h3>\r\n\t\t\t\t\t\t\t<h3 class=\"album_artist album_heading transition4\"> BraAgas <\/h3>\r\n\t\t\t\t\t\t<\/a>\r\n\t\t\t\t\t<\/div>\r\n\r\n\t\t\t\t\r\n\t\t\t\t\t<div class=\"single_album_item has_right_padding albums_5_on_row\">\r\n\t\t\t\t\t\t<a href=\"https:\/\/braagas.com\/en\/js_albums\/ep-2024-coming-soon\/\">\r\n\t\t\t\t\t\t\t<div class=\"album_image_container lc_swp_background_image\" data-bgimage=\"https:\/\/braagas.com\/wp-content\/uploads\/2024\/04\/BraAgas_Janko_ArtWork_B.jpg\">\r\n\t\t\t\t\t\t\t<\/div>\r\n\t\t\t\t\t\t\t<div class=\"album_overlay transition3\"><\/div>\r\n\t\t\t\t\t\t\t<h3 class=\"album_title album_heading transition4\"> Pasel Janko dva voly &#8211; single 2024 <\/h3>\r\n\t\t\t\t\t\t\t<h3 class=\"album_artist album_heading transition4\"> BraAgas <\/h3>\r\n\t\t\t\t\t\t<\/a>\r\n\t\t\t\t\t<\/div>\r\n\r\n\t\t\t\t\r\n\t\t\t\t\t<div class=\"single_album_item has_right_padding albums_5_on_row\">\r\n\t\t\t\t\t\t<a href=\"https:\/\/braagas.com\/en\/js_albums\/bestiale\/\">\r\n\t\t\t\t\t\t\t<div class=\"album_image_container lc_swp_background_image\" data-bgimage=\"https:\/\/braagas.com\/wp-content\/uploads\/2020\/07\/braagas_cover_vie_3.jpg\">\r\n\t\t\t\t\t\t\t<\/div>\r\n\t\t\t\t\t\t\t<div class=\"album_overlay transition3\"><\/div>\r\n\t\t\t\t\t\t\t<h3 class=\"album_title album_heading transition4\"> BESTI\u00c1LE <\/h3>\r\n\t\t\t\t\t\t\t<h3 class=\"album_artist album_heading transition4\"> BraAgas <\/h3>\r\n\t\t\t\t\t\t<\/a>\r\n\t\t\t\t\t<\/div>\r\n\r\n\t\t\t\t\r\n\t\t\t\t\t<div class=\"single_album_item albums_5_on_row\">\r\n\t\t\t\t\t\t<a href=\"https:\/\/braagas.com\/en\/js_albums\/o-ptacich-a-rybach\/\">\r\n\t\t\t\t\t\t\t<div class=\"album_image_container lc_swp_background_image\" data-bgimage=\"https:\/\/braagas.com\/wp-content\/uploads\/2019\/03\/OPR_cover_Square.png\">\r\n\t\t\t\t\t\t\t<\/div>\r\n\t\t\t\t\t\t\t<div class=\"album_overlay transition3\"><\/div>\r\n\t\t\t\t\t\t\t<h3 class=\"album_title album_heading transition4\"> O pt\u00e1c\u00edch a ryb\u00e1ch <\/h3>\r\n\t\t\t\t\t\t\t<h3 class=\"album_artist album_heading transition4\"> BraAgas <\/h3>\r\n\t\t\t\t\t\t<\/a>\r\n\t\t\t\t\t<\/div>\r\n\r\n\t\t\t\t\r\n\t\t\t\t\t<div class=\"single_album_item has_right_padding albums_5_on_row\">\r\n\t\t\t\t\t\t<a href=\"https:\/\/braagas.com\/en\/js_albums\/yallah\/\">\r\n\t\t\t\t\t\t\t<div class=\"album_image_container lc_swp_background_image\" data-bgimage=\"https:\/\/braagas.com\/wp-content\/uploads\/2019\/03\/YALLAH_digipack_format-e1553718849854.jpg\">\r\n\t\t\t\t\t\t\t<\/div>\r\n\t\t\t\t\t\t\t<div class=\"album_overlay transition3\"><\/div>\r\n\t\t\t\t\t\t\t<h3 class=\"album_title album_heading transition4\"> Yallah! <\/h3>\r\n\t\t\t\t\t\t\t<h3 class=\"album_artist album_heading transition4\"> BraAgas <\/h3>\r\n\t\t\t\t\t\t<\/a>\r\n\t\t\t\t\t<\/div>\r\n\r\n\t\t\t\t\r\n\t\t\t\t\t<div class=\"single_album_item has_right_padding albums_5_on_row\">\r\n\t\t\t\t\t\t<a href=\"https:\/\/braagas.com\/en\/js_albums\/fuerte\/\">\r\n\t\t\t\t\t\t\t<div class=\"album_image_container lc_swp_background_image\" data-bgimage=\"https:\/\/braagas.com\/wp-content\/uploads\/2019\/03\/FUERTE_view-e1553718832531.jpg\">\r\n\t\t\t\t\t\t\t<\/div>\r\n\t\t\t\t\t\t\t<div class=\"album_overlay transition3\"><\/div>\r\n\t\t\t\t\t\t\t<h3 class=\"album_title album_heading transition4\"> Fuerte <\/h3>\r\n\t\t\t\t\t\t\t<h3 class=\"album_artist album_heading transition4\"> BraAgas <\/h3>\r\n\t\t\t\t\t\t<\/a>\r\n\t\t\t\t\t<\/div>\r\n\r\n\t\t\t\t\r\n\t\t\t\t\t<div class=\"single_album_item has_right_padding albums_5_on_row\">\r\n\t\t\t\t\t\t<a href=\"https:\/\/braagas.com\/en\/js_albums\/tapas\/\">\r\n\t\t\t\t\t\t\t<div class=\"album_image_container lc_swp_background_image\" data-bgimage=\"https:\/\/braagas.com\/wp-content\/uploads\/2019\/03\/Tapas_view-e1553719039643.jpg\">\r\n\t\t\t\t\t\t\t<\/div>\r\n\t\t\t\t\t\t\t<div class=\"album_overlay transition3\"><\/div>\r\n\t\t\t\t\t\t\t<h3 class=\"album_title album_heading transition4\"> (\u010cesky) Tapas <\/h3>\r\n\t\t\t\t\t\t\t<h3 class=\"album_artist album_heading transition4\"> BraAgas <\/h3>\r\n\t\t\t\t\t\t<\/a>\r\n\t\t\t\t\t<\/div>\r\n\r\n\t\t\t\t\r\n\t\t\t\t\t<div class=\"single_album_item has_right_padding albums_5_on_row\">\r\n\t\t\t\t\t\t<a href=\"https:\/\/braagas.com\/en\/js_albums\/no-1\/\">\r\n\t\t\t\t\t\t\t<div class=\"album_image_container lc_swp_background_image\" data-bgimage=\"https:\/\/braagas.com\/wp-content\/uploads\/2019\/03\/No2_MediaAetasB.jpg\">\r\n\t\t\t\t\t\t\t<\/div>\r\n\t\t\t\t\t\t\t<div class=\"album_overlay transition3\"><\/div>\r\n\t\t\t\t\t\t\t<h3 class=\"album_title album_heading transition4\"> (\u010cesky) No.2 &#8211; Media Aetas <\/h3>\r\n\t\t\t\t\t\t\t<h3 class=\"album_artist album_heading transition4\"> BraAgas <\/h3>\r\n\t\t\t\t\t\t<\/a>\r\n\t\t\t\t\t<\/div>\r\n\r\n\t\t\t\t\r\n\t\t\t\t\t<div class=\"single_album_item albums_5_on_row\">\r\n\t\t\t\t\t\t<a href=\"https:\/\/braagas.com\/en\/js_albums\/no-1-2\/\">\r\n\t\t\t\t\t\t\t<div class=\"album_image_container lc_swp_background_image\" data-bgimage=\"https:\/\/braagas.com\/wp-content\/uploads\/2019\/03\/1126-p_333.jpg\">\r\n\t\t\t\t\t\t\t<\/div>\r\n\t\t\t\t\t\t\t<div class=\"album_overlay transition3\"><\/div>\r\n\t\t\t\t\t\t\t<h3 class=\"album_title album_heading transition4\"> (\u010cesky) No.1 <\/h3>\r\n\t\t\t\t\t\t\t<h3 class=\"album_artist album_heading transition4\"> BraAGas <\/h3>\r\n\t\t\t\t\t\t<\/a>\r\n\t\t\t\t\t<\/div>\r\n\r\n\t\t\t\t\t\t\t<\/div>\r\n\t\t<\/div>\r\n\r\n\t\t[\/vc_column][\/vc_row][vc_row][vc_column][\/vc_column][\/vc_row][vc_row][vc_column][\/vc_column][\/vc_row][vc_row][vc_column]\r\n\t\t\r\n\t<div class=\"lc_swp_boxed swp_videos_scd_container clearfix\">\r\n\t\t\r\n\t\t\t<div class=\"single_video_item has_right_padding items_2_on_row\">\r\n\t\t\t\t<a href=\"https:\/\/braagas.com\/en\/js_videos\/live-promo-braagas-2021\/\">\r\n\t\t\t\t\t<div class=\"video_image_container lc_swp_background_image\" data-bgimage=\"https:\/\/braagas.com\/wp-content\/uploads\/2021\/02\/134050800_10158917508319722_2027301497815831289_n.jpg\">\r\n\t\t\t\t\t\t<i class=\"fas fa-play-circle lc_icon_play_video\" aria-hidden=\"true\"><\/i>\r\n\t\t\t\t\t<\/div>\r\n\t\t\t\t<\/a>\r\n\r\n\t\t\t\t<a href=\"https:\/\/braagas.com\/en\/js_videos\/live-promo-braagas-2021\/\">\r\n\t\t\t\t\t<h3 class=\"video_title transition3\"> Live Promo BraAgas 2021 <\/h3>\r\n\t\t\t\t<\/a>\r\n\t\t\t<\/div>\r\n\t\t\r\n\t\t\t<div class=\"single_video_item items_2_on_row\">\r\n\t\t\t\t<a href=\"https:\/\/braagas.com\/en\/js_videos\/janek-muj-official-video\/\">\r\n\t\t\t\t\t<div class=\"video_image_container lc_swp_background_image\" data-bgimage=\"https:\/\/braagas.com\/wp-content\/uploads\/2019\/07\/D89F4129-EEAA-4446-B964-10750F3029F5.png\">\r\n\t\t\t\t\t\t<i class=\"fas fa-play-circle lc_icon_play_video\" aria-hidden=\"true\"><\/i>\r\n\t\t\t\t\t<\/div>\r\n\t\t\t\t<\/a>\r\n\r\n\t\t\t\t<a href=\"https:\/\/braagas.com\/en\/js_videos\/janek-muj-official-video\/\">\r\n\t\t\t\t\t<h3 class=\"video_title transition3\"> Janek m\u016fj &#8211; official video <\/h3>\r\n\t\t\t\t<\/a>\r\n\t\t\t<\/div>\r\n\t\t\r\n\t\t\t<div class=\"single_video_item has_right_padding items_2_on_row\">\r\n\t\t\t\t<a href=\"https:\/\/braagas.com\/en\/js_videos\/braagas-brodil-janik-kone-official-video\/\">\r\n\t\t\t\t\t<div class=\"video_image_container lc_swp_background_image\" data-bgimage=\"https:\/\/braagas.com\/wp-content\/uploads\/2019\/03\/klip.png\">\r\n\t\t\t\t\t\t<i class=\"fas fa-play-circle lc_icon_play_video\" aria-hidden=\"true\"><\/i>\r\n\t\t\t\t\t<\/div>\r\n\t\t\t\t<\/a>\r\n\r\n\t\t\t\t<a href=\"https:\/\/braagas.com\/en\/js_videos\/braagas-brodil-janik-kone-official-video\/\">\r\n\t\t\t\t\t<h3 class=\"video_title transition3\"> BraAgas &#8211; Brodil Jan\u00edk kon\u011b <\/h3>\r\n\t\t\t\t<\/a>\r\n\t\t\t<\/div>\r\n\t\t\r\n\t\t\t<div class=\"single_video_item items_2_on_row\">\r\n\t\t\t\t<a href=\"https:\/\/braagas.com\/en\/js_videos\/ulianka-live-in-budapest\/\">\r\n\t\t\t\t\t<div class=\"video_image_container lc_swp_background_image\" data-bgimage=\"https:\/\/braagas.com\/wp-content\/uploads\/2019\/03\/koncert16.jpg\">\r\n\t\t\t\t\t\t<i class=\"fas fa-play-circle lc_icon_play_video\" aria-hidden=\"true\"><\/i>\r\n\t\t\t\t\t<\/div>\r\n\t\t\t\t<\/a>\r\n\r\n\t\t\t\t<a href=\"https:\/\/braagas.com\/en\/js_videos\/ulianka-live-in-budapest\/\">\r\n\t\t\t\t\t<h3 class=\"video_title transition3\"> Ulianka &#8211; live in Budapest ritmo <\/h3>\r\n\t\t\t\t<\/a>\r\n\t\t\t<\/div>\r\n\t\t\t\r\n\t<\/div>\r\n\t[\/vc_column][\/vc_row]<\/p>\n<\/div>","protected":false},"excerpt":{"rendered":"<p>[vc_row][vc_column][\/vc_column][\/vc_row][vc_row][vc_column][\/vc_column][\/vc_row][vc_row][vc_column][\/vc_column][\/vc_row][vc_row][vc_column][\/vc_column][\/vc_row]<\/p>\n","protected":false},"author":1,"featured_media":0,"parent":0,"menu_order":0,"comment_status":"closed","ping_status":"closed","template":"template-visual-composer.php","meta":{"footnotes":""},"_links":{"self":[{"href":"https:\/\/braagas.com\/en\/wp-json\/wp\/v2\/pages\/1999"}],"collection":[{"href":"https:\/\/braagas.com\/en\/wp-json\/wp\/v2\/pages"}],"about":[{"href":"https:\/\/braagas.com\/en\/wp-json\/wp\/v2\/types\/page"}],"author":[{"embeddable":true,"href":"https:\/\/braagas.com\/en\/wp-json\/wp\/v2\/users\/1"}],"replies":[{"embeddable":true,"href":"https:\/\/braagas.com\/en\/wp-json\/wp\/v2\/comments?post=1999"}],"version-history":[{"count":109,"href":"https:\/\/braagas.com\/en\/wp-json\/wp\/v2\/pages\/1999\/revisions"}],"predecessor-version":[{"id":3627,"href":"https:\/\/braagas.com\/en\/wp-json\/wp\/v2\/pages\/1999\/revisions\/3627"}],"wp:attachment":[{"href":"https:\/\/braagas.com\/en\/wp-json\/wp\/v2\/media?parent=1999"}],"curies":[{"name":"wp","href":"https:\/\/api.w.org\/{rel}","templated":true}]}}